{"id":881,"date":"2024-03-01T12:11:19","date_gmt":"2024-03-01T11:11:19","guid":{"rendered":"https:\/\/kueng.de\/?page_id=881"},"modified":"2024-04-10T14:35:01","modified_gmt":"2024-04-10T12:35:01","slug":"impressum","status":"publish","type":"page","link":"https:\/\/kueng.de\/index.php\/impressum\/","title":{"rendered":"Impressum"},"content":{"rendered":"\n<figure class=\"wp-block-table\"><table class=\"has-border-color has-white-border-color\"><tbody><tr><td><strong>Anschrift<\/strong><br>Ren\u00e9 &amp; Conny<br>Brunnengasse 2<br>DE-72351 Geislingen \u2013 Erlaheim<\/td><\/tr><tr><td><strong>Einverst\u00e4ndnis<\/strong><br>Bitte lesen Sie die nachfolgenden Ausf\u00fchrungen genau durch. Die Website\u00a0<strong><a href=\"https:\/\/kueng.de\/\">kueng.de<\/a>\u00a0<\/strong>resp. <a href=\"http:\/\/kueng.ch\">kueng.ch<\/a> (nachstehend\u00a0<strong>Website<\/strong>\u00a0genannt) dienen der Informationsvermittlung. Mit dem Zugriff auf die Website und ihre Verkn\u00fcpfungen (Links) im World Wide Web erkl\u00e4ren Sie, dass Sie die nachstehenden rechtlichen Informationen und die Anwendungsbedingungen verstanden haben und anerkennen. Wenn Sie sich damit nicht einverstanden erkl\u00e4ren k\u00f6nnen, verlassen Sie bitte die Website und ihre Links.Der Benutzerzugang und die Benutzung der Website und deren Seiten sowie die Bedingungen dieses Rechtshinweises unterstehen Deutschem Recht. Der\u00a0<strong>Gerichtsstand<\/strong>\u00a0ist\u00a0<strong>Balingen<\/strong>.<\/td><\/tr><tr><td><strong>Lokale gesetzliche Einschr\u00e4nkungen<\/strong><br>Die Website ist nicht f\u00fcr Personen bestimmt, die in einem Staat leben, die einem Gerichtsstand unterstehen, der die Publikation bzw. den Zugang zur Website (aus welchen Gr\u00fcnden auch immer) verbietet oder deren gesetzliche bzw. aufsichtsrechtliche Vorschriften einen Zugang verbieten.<\/td><\/tr><tr><td><strong>E-Mail-Kommunikation<\/strong><br>Wir bitten Sie zu beachten, dass die E-Mail-Kommunikation offen und unverschl\u00fcsselt stattfindet. Es kann somit nicht ausgeschlossen werden, dass so gesendete Daten von Dritten eingesehen und Kontaktaufnahmen zu kueng.de&nbsp;nachvollzogen werden k\u00f6nnen.<\/td><\/tr><tr><td><strong>Eigentumsrechte<\/strong><br>Die auf dieser Website enthaltenen Urheberwerke, einschliesslich, aber nicht ausschliesslich beschr\u00e4nkt auf Design, Text, Tonaufnahmen und Bilder, sind Eigentum von Ren\u00e9 &amp; Conny K\u00fcng, falls nicht ausdr\u00fccklich etwas Gegenteiliges vermerkt wurde. Die Urheberrechte f\u00fcr s\u00e4mtliches auf dieser Website enthaltenes Material liegen, falls nicht speziell etwas Gegenteiliges vermerkt wurde, bei kueng.de. Das Material darf vom Benutzer frei konsultiert werden, die Reproduktion dieses Materials oder von Teilen davon in irgendeiner Form \u2013 schriftlich oder elektronisch \u2013 sowie die Republikation davon bed\u00fcrfen jedoch der ausdr\u00fccklichen Zustimmung von Ren\u00e9 K\u00fcng.<br>Kein Teil dieser Website gew\u00e4hrt irgendwelche Lizenz- noch Benutzungsrechte an Bildern, dem Markenzeichen oder Logo. Mit dem Herunterladen oder Kopieren von der Website werden keine Rechtsanspr\u00fcche an auf der Website enthaltener Software oder darauf enthaltenem Material \u00fcbertragen. S\u00e4mtliche Urheber- sowie Markenrechte an auf der Website enthaltenem Material liegen bei Ren\u00e9 K\u00fcng, welche die betreffenden Rechte gem\u00e4ss dem anwendbaren Gesetz durchsetzen wird.<\/td><\/tr><tr><td><strong>Beschr\u00e4nkte Haftung<\/strong><br>Alle \u00fcber diese Website verf\u00fcgbaren Daten, einschliesslich, aber nicht ausschliesslich beschr\u00e4nkt auf Finanzmarktdaten, Kursdaten, Meldungen, Research oder sonstige Informationen (nachstehend \u201eInformationen\u201c genannt) beruhen auf Quellen, die als zuverl\u00e4ssig erachtet und sorgf\u00e4ltig ausgew\u00e4hlt wurden. Ren\u00e9 K\u00fcng kann f\u00fcr diese Daten weder ausdr\u00fccklich noch implizit eine Zusicherung oder Garantie geben oder Gew\u00e4hrleistung oder Haftung \u00fcbernehmen insbesondere in Bezug auf deren Richtigkeit, Vollst\u00e4ndigkeit, Ausgewogenheit, Unverf\u00e4lschtheit oder P\u00fcnktlichkeit. Ferner \u00fcbernimmt Ren\u00e9 K\u00fcng keine Haftung f\u00fcr irgendwelche Sch\u00e4den, weder unmittelbar noch mittelbar, welche aufgrund von Entscheidungen, Handlungen oder Unterlassungen, die der Benutzer auf Grund dieser Daten getroffen oder ausgef\u00fchrt hat, entstanden sind. Die Informationen k\u00f6nnen verz\u00f6gert, unvollst\u00e4ndig oder ungenau sein.<br>Die gesamten verf\u00fcgbaren Informationen werden dem Benutzer ohne M\u00e4ngelgew\u00e4hr und ohne ausdr\u00fcckliche Zusicherung oder Gew\u00e4hrleistung in Bezug auf Qualit\u00e4t, Originalit\u00e4t, Verletzung des geistigen Eigentums oder Eignung f\u00fcr einen bestimmten Zweck zur Verf\u00fcgung gestellt.<\/td><\/tr><tr><td><strong>Haftungsausschluss<\/strong><br>In keinem Fall haften weder Ren\u00e9 &amp; Conny K\u00fcng noch einer seiner Vertragspartner f\u00fcr Verluste oder Sch\u00e4den irgendwelcher Art, (uneingeschr\u00e4nkt) eingeschlossen sind direkte, spezielle, indirekte oder Folgesch\u00e4den, die aus oder im Zusammenhang mit dem Zugriff auf, Benutzung, Leistung oder Abfragen der Website oder mit der Verkn\u00fcpfung (linking) mit anderen Websites entstehen k\u00f6nnen, auch wenn Ren\u00e9 &amp; Conny K\u00fcng auf die M\u00f6glichkeit solcher Sch\u00e4den oder Verluste hingewiesen wurde. Einige Rechtsordnungen erlauben keine Einschr\u00e4nkungen der Gew\u00e4hrleistungen, den Ausschluss oder die Eingrenzung von bestimmten Sch\u00e4den oder den Ausschluss von bestimmten impliziten Gew\u00e4hrleistungen. In diesen F\u00e4llen finden die Haftungsausschl\u00fcsse und Einschr\u00e4nkungen keine Anwendung. In Erg\u00e4nzung zu Ihren anderen Rechten werden Ihnen, in Abh\u00e4ngigkeit von der jeweiligen Rechtsordnung, mit dieser Gew\u00e4hrleistung bestimmte Rechte verliehen.<br>Ren\u00e9 K\u00fcng \u00fcbernimmt keine Gew\u00e4hrleistung weder ausdr\u00fccklich noch implizit f\u00fcr die zur Verf\u00fcgung gestellten Informationen oder Ansichten. Ferner kann sie keine Zusicherung oder Garantie geben oder Gew\u00e4hrleistung oder Haftung \u00fcbernehmen, dass die Angebote dieser Website alle Benutzeranforderungen erf\u00fcllen, namentlich im Hinblick auf den st\u00f6rungsfreien Betrieb, die P\u00fcnktlichkeit, die Sicherheit oder die fehlerfreie Daten\u00fcbermittlung.<\/td><\/tr><tr><td><strong>\u00dcberwachung<\/strong><br>Bitte beachten Sie, dass s\u00e4mtliche Aktivit\u00e4ten der Benutzer dieser Website registriert und unter anderem zu Sicherheits-, Marketing- und System\u00fcberwachungszwecken analysiert werden.<\/td><\/tr><tr><td><strong>Fremde Internetseiten<\/strong><br>Links zu fremden Internetseiten auf der Website dienen einerseits als Hinweis auf Informationen zu Themen, die f\u00fcr Benutzer dieser Website hilfreich sein k\u00f6nnten und andererseits als Werbeplattform f\u00fcr nat\u00fcrliche oder juristische Personen sowie \u00f6ffentlich rechtlichen K\u00f6rperschaften. Ren\u00e9 K\u00fcng hat \u00fcber den Inhalt solcher fremden Internetseiten keine Kontrolle. F\u00fcr den Inhalt solcher Internetseiten, einschliesslich deren Genauigkeit, Vollst\u00e4ndigkeit, Zuverl\u00e4ssigkeit oder Eignung f\u00fcr bestimmte Zwecke, wird keine Gew\u00e4hrleistung oder Haftung \u00fcbernommen. Ren\u00e9 K\u00fcng garantiert zudem weder, dass aus solchen Internetseiten oder deren Inhalt keine Urheber- oder Markenrechtsanspr\u00fcche oder sonstige Verletzungen der Rechte von Dritten erwachsen, noch dass solche Internetseiten oder deren Inhalt frei von Viren oder anderen Infizierungen sind. F\u00fcr die Authentizit\u00e4t der Dokumente auf dem Internet wird keine Gew\u00e4hr gegeben. Ren\u00e9 K\u00fcng stellt zwar Links zu solchen fremden Internetseiten zur Verf\u00fcgung, lehnt aber jede Haftung f\u00fcr deren Inhalte ab.<br>Durch Klicken auf einen externen Link wird eine Verbindung zu einer fremden Internetseite hergestellt, die unter Umst\u00e4nden Schwachstellen Ihres Browsers dazu nutzen k\u00f6nnte, um mittels Ihres PCs die Kontrolle \u00fcber Ihre Sitzung zu erlangen. Ren\u00e9 K\u00fcng kann keine Zusicherung geben oder Gew\u00e4hrleistung \u00fcbernehmen, dass der Link zu einer fremden Internetseite oder die zur Verbindungsaufnahme mit der fremden Internetseite erforderliche Software alle Benutzeranforderungen erf\u00fcllen, namentlich im Hinblick auf den Inhalt, das Verhalten, die Zuverl\u00e4ssigkeit oder den st\u00f6rungsfreien Betrieb, die P\u00fcnktlichkeit, die Sicherheit oder die fehlerfreie Daten\u00fcbermittlung.<\/td><\/tr><tr><td><strong>Vertraulichkeit<\/strong><br>Wir weisen darauf hin, dass bei der Benutzung dieser Website der Datenverkehr \u00fcber ein offenes, f\u00fcr Dritte zug\u00e4ngliches Netzwerk erfolgt. Der Datenverkehr wird regelm\u00e4ssig auch \u00fcber ausl\u00e4ndische Netzwerke abgewickelt, und zwar auch dann, wenn sich sowohl der Sender als auch der Empf\u00e4nger im selben Land befinden. Dieser Umstand l\u00e4sst f\u00fcr Dritte m\u00f6glicherweise R\u00fcckschl\u00fcsse darauf zu, dass Sie auf die Website zugreifen.<\/td><\/tr><\/tbody><\/table><\/figure>\n\n\n\n<p>\ufeff<\/p>\n","protected":false},"excerpt":{"rendered":"<p>AnschriftRen\u00e9 &amp; ConnyBrunnengasse 2DE-72351 Geislingen \u2013 Erlaheim Einverst\u00e4ndnisBitte lesen Sie die nachfolgenden Ausf\u00fchrungen genau durch. Die Website\u00a0kueng.de\u00a0resp. kueng.ch (nachstehend\u00a0Website\u00a0genannt) dienen [&hellip;]<\/p>\n","protected":false},"author":1,"featured_media":0,"parent":0,"menu_order":0,"comment_status":"closed","ping_status":"closed","template":"","meta":{"site-sidebar-layout":"default","site-content-layout":"","ast-site-content-layout":"default","site-content-style":"default","site-sidebar-style":"default","ast-global-header-display":"","ast-banner-title-visibility":"","ast-main-header-display":"","ast-hfb-above-header-display":"","ast-hfb-below-header-display":"","ast-hfb-mobile-header-display":"","site-post-title":"","ast-breadcrumbs-content":"","ast-featured-img":"","footer-sml-layout":"","ast-disable-related-posts":"","theme-transparent-header-meta":"","adv-header-id-meta":"","stick-header-meta":"","header-above-stick-meta":"","header-main-stick-meta":"","header-below-stick-meta":"","astra-migrate-meta-layouts":"default","ast-page-background-enabled":"default","ast-page-background-meta":{"desktop":{"background-color":"var(--ast-global-color-4)","background-image":"","background-repeat":"repeat","background-position":"center center","background-size":"auto","background-attachment":"scroll","background-type":"","background-media":"","overlay-type":"","overlay-color":"","overlay-opacity":"","overlay-gradient":""},"tablet":{"background-color":"","background-image":"","background-repeat":"repeat","background-position":"center center","background-size":"auto","background-attachment":"scroll","background-type":"","background-media":"","overlay-type":"","overlay-color":"","overlay-opacity":"","overlay-gradient":""},"mobile":{"background-color":"","background-image":"","background-repeat":"repeat","background-position":"center center","background-size":"auto","background-attachment":"scroll","background-type":"","background-media":"","overlay-type":"","overlay-color":"","overlay-opacity":"","overlay-gradient":""}},"ast-content-background-meta":{"desktop":{"background-color":"var(--ast-global-color-5)","background-image":"","background-repeat":"repeat","background-position":"center center","background-size":"auto","background-attachment":"scroll","background-type":"","background-media":"","overlay-type":"","overlay-color":"","overlay-opacity":"","overlay-gradient":""},"tablet":{"background-color":"var(--ast-global-color-5)","background-image":"","background-repeat":"repeat","background-position":"center center","background-size":"auto","background-attachment":"scroll","background-type":"","background-media":"","overlay-type":"","overlay-color":"","overlay-opacity":"","overlay-gradient":""},"mobile":{"background-color":"var(--ast-global-color-5)","background-image":"","background-repeat":"repeat","background-position":"center center","background-size":"auto","background-attachment":"scroll","background-type":"","background-media":"","overlay-type":"","overlay-color":"","overlay-opacity":"","overlay-gradient":""}},"ngg_post_thumbnail":0,"footnotes":""},"class_list":["post-881","page","type-page","status-publish","hentry"],"yoast_head":"<!-- This site is optimized with the Yoast SEO plugin v27.2 - https:\/\/yoast.com\/product\/yoast-seo-wordpress\/ -->\n<title>Impressum - Kueng - Privates, IT Services und Hundesalon<\/title>\n<meta name=\"robots\" content=\"index, follow, max-snippet:-1, max-image-preview:large, max-video-preview:-1\" \/>\n<link rel=\"canonical\" href=\"https:\/\/kueng.de\/index.php\/impressum\/\" \/>\n<meta property=\"og:locale\" content=\"de_DE\" \/>\n<meta property=\"og:type\" content=\"article\" \/>\n<meta property=\"og:title\" content=\"Impressum - Kueng - Privates, IT Services und Hundesalon\" \/>\n<meta property=\"og:description\" content=\"AnschriftRen\u00e9 &amp; ConnyBrunnengasse 2DE-72351 Geislingen \u2013 Erlaheim Einverst\u00e4ndnisBitte lesen Sie die nachfolgenden Ausf\u00fchrungen genau durch. Die Website\u00a0kueng.de\u00a0resp. kueng.ch (nachstehend\u00a0Website\u00a0genannt) dienen [&hellip;]\" \/>\n<meta property=\"og:url\" content=\"https:\/\/kueng.de\/index.php\/impressum\/\" \/>\n<meta property=\"og:site_name\" content=\"Kueng - Privates, IT Services und Hundesalon\" \/>\n<meta property=\"article:modified_time\" content=\"2024-04-10T12:35:01+00:00\" \/>\n<meta name=\"twitter:card\" content=\"summary_large_image\" \/>\n<meta name=\"twitter:label1\" content=\"Gesch\u00e4tzte Lesezeit\" \/>\n\t<meta name=\"twitter:data1\" content=\"6\u00a0Minuten\" \/>\n<script type=\"application\/ld+json\" class=\"yoast-schema-graph\">{\"@context\":\"https:\/\/schema.org\",\"@graph\":[{\"@type\":\"WebPage\",\"@id\":\"https:\/\/kueng.de\/index.php\/impressum\/\",\"url\":\"https:\/\/kueng.de\/index.php\/impressum\/\",\"name\":\"Impressum - Kueng - Privates, IT Services und Hundesalon\",\"isPartOf\":{\"@id\":\"https:\/\/kueng.de\/#website\"},\"datePublished\":\"2024-03-01T11:11:19+00:00\",\"dateModified\":\"2024-04-10T12:35:01+00:00\",\"breadcrumb\":{\"@id\":\"https:\/\/kueng.de\/index.php\/impressum\/#breadcrumb\"},\"inLanguage\":\"de\",\"potentialAction\":[{\"@type\":\"ReadAction\",\"target\":[\"https:\/\/kueng.de\/index.php\/impressum\/\"]}]},{\"@type\":\"BreadcrumbList\",\"@id\":\"https:\/\/kueng.de\/index.php\/impressum\/#breadcrumb\",\"itemListElement\":[{\"@type\":\"ListItem\",\"position\":1,\"name\":\"Startseite\",\"item\":\"https:\/\/kueng.de\/\"},{\"@type\":\"ListItem\",\"position\":2,\"name\":\"Impressum\"}]},{\"@type\":\"WebSite\",\"@id\":\"https:\/\/kueng.de\/#website\",\"url\":\"https:\/\/kueng.de\/\",\"name\":\"Kueng - Privates, IT Services und Hundesalon\",\"description\":\"k\u00fcng it services - Erlaheim - Geislingen - Balingen -Zollernalb\",\"publisher\":{\"@id\":\"https:\/\/kueng.de\/#organization\"},\"potentialAction\":[{\"@type\":\"SearchAction\",\"target\":{\"@type\":\"EntryPoint\",\"urlTemplate\":\"https:\/\/kueng.de\/?s={search_term_string}\"},\"query-input\":{\"@type\":\"PropertyValueSpecification\",\"valueRequired\":true,\"valueName\":\"search_term_string\"}}],\"inLanguage\":\"de\"},{\"@type\":\"Organization\",\"@id\":\"https:\/\/kueng.de\/#organization\",\"name\":\"Kueng - Privates, IT Services und Hundesalon\",\"url\":\"https:\/\/kueng.de\/\",\"logo\":{\"@type\":\"ImageObject\",\"inLanguage\":\"de\",\"@id\":\"https:\/\/kueng.de\/#\/schema\/logo\/image\/\",\"url\":\"https:\/\/kueng.de\/wp-content\/uploads\/2024\/02\/cropped-logo-150x150-1.jpg\",\"contentUrl\":\"https:\/\/kueng.de\/wp-content\/uploads\/2024\/02\/cropped-logo-150x150-1.jpg\",\"width\":150,\"height\":150,\"caption\":\"Kueng - Privates, IT Services und Hundesalon\"},\"image\":{\"@id\":\"https:\/\/kueng.de\/#\/schema\/logo\/image\/\"}}]}<\/script>\n<!-- \/ Yoast SEO plugin. -->","yoast_head_json":{"title":"Impressum - Kueng - Privates, IT Services und Hundesalon","robots":{"index":"index","follow":"follow","max-snippet":"max-snippet:-1","max-image-preview":"max-image-preview:large","max-video-preview":"max-video-preview:-1"},"canonical":"https:\/\/kueng.de\/index.php\/impressum\/","og_locale":"de_DE","og_type":"article","og_title":"Impressum - Kueng - Privates, IT Services und Hundesalon","og_description":"AnschriftRen\u00e9 &amp; ConnyBrunnengasse 2DE-72351 Geislingen \u2013 Erlaheim Einverst\u00e4ndnisBitte lesen Sie die nachfolgenden Ausf\u00fchrungen genau durch. Die Website\u00a0kueng.de\u00a0resp. kueng.ch (nachstehend\u00a0Website\u00a0genannt) dienen [&hellip;]","og_url":"https:\/\/kueng.de\/index.php\/impressum\/","og_site_name":"Kueng - Privates, IT Services und Hundesalon","article_modified_time":"2024-04-10T12:35:01+00:00","twitter_card":"summary_large_image","twitter_misc":{"Gesch\u00e4tzte Lesezeit":"6\u00a0Minuten"},"schema":{"@context":"https:\/\/schema.org","@graph":[{"@type":"WebPage","@id":"https:\/\/kueng.de\/index.php\/impressum\/","url":"https:\/\/kueng.de\/index.php\/impressum\/","name":"Impressum - Kueng - Privates, IT Services und Hundesalon","isPartOf":{"@id":"https:\/\/kueng.de\/#website"},"datePublished":"2024-03-01T11:11:19+00:00","dateModified":"2024-04-10T12:35:01+00:00","breadcrumb":{"@id":"https:\/\/kueng.de\/index.php\/impressum\/#breadcrumb"},"inLanguage":"de","potentialAction":[{"@type":"ReadAction","target":["https:\/\/kueng.de\/index.php\/impressum\/"]}]},{"@type":"BreadcrumbList","@id":"https:\/\/kueng.de\/index.php\/impressum\/#breadcrumb","itemListElement":[{"@type":"ListItem","position":1,"name":"Startseite","item":"https:\/\/kueng.de\/"},{"@type":"ListItem","position":2,"name":"Impressum"}]},{"@type":"WebSite","@id":"https:\/\/kueng.de\/#website","url":"https:\/\/kueng.de\/","name":"Kueng - Privates, IT Services und Hundesalon","description":"k\u00fcng it services - Erlaheim - Geislingen - Balingen -Zollernalb","publisher":{"@id":"https:\/\/kueng.de\/#organization"},"potentialAction":[{"@type":"SearchAction","target":{"@type":"EntryPoint","urlTemplate":"https:\/\/kueng.de\/?s={search_term_string}"},"query-input":{"@type":"PropertyValueSpecification","valueRequired":true,"valueName":"search_term_string"}}],"inLanguage":"de"},{"@type":"Organization","@id":"https:\/\/kueng.de\/#organization","name":"Kueng - Privates, IT Services und Hundesalon","url":"https:\/\/kueng.de\/","logo":{"@type":"ImageObject","inLanguage":"de","@id":"https:\/\/kueng.de\/#\/schema\/logo\/image\/","url":"https:\/\/kueng.de\/wp-content\/uploads\/2024\/02\/cropped-logo-150x150-1.jpg","contentUrl":"https:\/\/kueng.de\/wp-content\/uploads\/2024\/02\/cropped-logo-150x150-1.jpg","width":150,"height":150,"caption":"Kueng - Privates, IT Services und Hundesalon"},"image":{"@id":"https:\/\/kueng.de\/#\/schema\/logo\/image\/"}}]}},"_links":{"self":[{"href":"https:\/\/kueng.de\/index.php\/wp-json\/wp\/v2\/pages\/881","targetHints":{"allow":["GET"]}}],"collection":[{"href":"https:\/\/kueng.de\/index.php\/wp-json\/wp\/v2\/pages"}],"about":[{"href":"https:\/\/kueng.de\/index.php\/wp-json\/wp\/v2\/types\/page"}],"author":[{"embeddable":true,"href":"https:\/\/kueng.de\/index.php\/wp-json\/wp\/v2\/users\/1"}],"replies":[{"embeddable":true,"href":"https:\/\/kueng.de\/index.php\/wp-json\/wp\/v2\/comments?post=881"}],"version-history":[{"count":4,"href":"https:\/\/kueng.de\/index.php\/wp-json\/wp\/v2\/pages\/881\/revisions"}],"predecessor-version":[{"id":1145,"href":"https:\/\/kueng.de\/index.php\/wp-json\/wp\/v2\/pages\/881\/revisions\/1145"}],"wp:attachment":[{"href":"https:\/\/kueng.de\/index.php\/wp-json\/wp\/v2\/media?parent=881"}],"curies":[{"name":"wp","href":"https:\/\/api.w.org\/{rel}","templated":true}]}}