{"id":48,"date":"2024-03-01T08:11:36","date_gmt":"2024-03-01T07:11:36","guid":{"rendered":"https:\/\/kueng.de\/?page_id=48"},"modified":"2025-07-08T09:38:46","modified_gmt":"2025-07-08T07:38:46","slug":"unsere-hunde","status":"publish","type":"page","link":"https:\/\/kueng.de\/index.php\/unsere-hunde\/","title":{"rendered":"unsere Hunde"},"content":{"rendered":"\n<p>Unsere Fellnasen, welche uns sehr viel Freude bringen. Tony ist ein Bobtail-M\u00e4dchen, Lina ist eine Bearded Cillie H\u00fcndin, genau so wie Clara eine Bearded Collie H\u00fcndin war.<\/p>\n\n\n\nngg_shortcode_0_placeholder\n","protected":false},"excerpt":{"rendered":"<p>Unsere Fellnasen, welche uns sehr viel Freude bringen. Tony ist ein Bobtail-M\u00e4dchen, Lina ist eine Bearded Cillie H\u00fcndin, genau so [&hellip;]<\/p>\n","protected":false},"author":1,"featured_media":0,"parent":0,"menu_order":0,"comment_status":"closed","ping_status":"closed","template":"","meta":{"site-sidebar-layout":"default","site-content-layout":"","ast-site-content-layout":"default","site-content-style":"default","site-sidebar-style":"default","ast-global-header-display":"","ast-banner-title-visibility":"","ast-main-header-display":"","ast-hfb-above-header-display":"","ast-hfb-below-header-display":"","ast-hfb-mobile-header-display":"","site-post-title":"","ast-breadcrumbs-content":"","ast-featured-img":"","footer-sml-layout":"","ast-disable-related-posts":"","theme-transparent-header-meta":"","adv-header-id-meta":"","stick-header-meta":"","header-above-stick-meta":"","header-main-stick-meta":"","header-below-stick-meta":"","astra-migrate-meta-layouts":"default","ast-page-background-enabled":"default","ast-page-background-meta":{"desktop":{"background-color":"var(--ast-global-color-4)","background-image":"","background-repeat":"repeat","background-position":"center center","background-size":"auto","background-attachment":"scroll","background-type":"","background-media":"","overlay-type":"","overlay-color":"","overlay-opacity":"","overlay-gradient":""},"tablet":{"background-color":"","background-image":"","background-repeat":"repeat","background-position":"center center","background-size":"auto","background-attachment":"scroll","background-type":"","background-media":"","overlay-type":"","overlay-color":"","overlay-opacity":"","overlay-gradient":""},"mobile":{"background-color":"","background-image":"","background-repeat":"repeat","background-position":"center center","background-size":"auto","background-attachment":"scroll","background-type":"","background-media":"","overlay-type":"","overlay-color":"","overlay-opacity":"","overlay-gradient":""}},"ast-content-background-meta":{"desktop":{"background-color":"var(--ast-global-color-5)","background-image":"","background-repeat":"repeat","background-position":"center center","background-size":"auto","background-attachment":"scroll","background-type":"","background-media":"","overlay-type":"","overlay-color":"","overlay-opacity":"","overlay-gradient":""},"tablet":{"background-color":"var(--ast-global-color-5)","background-image":"","background-repeat":"repeat","background-position":"center center","background-size":"auto","background-attachment":"scroll","background-type":"","background-media":"","overlay-type":"","overlay-color":"","overlay-opacity":"","overlay-gradient":""},"mobile":{"background-color":"var(--ast-global-color-5)","background-image":"","background-repeat":"repeat","background-position":"center center","background-size":"auto","background-attachment":"scroll","background-type":"","background-media":"","overlay-type":"","overlay-color":"","overlay-opacity":"","overlay-gradient":""}},"ngg_post_thumbnail":0,"footnotes":""},"class_list":["post-48","page","type-page","status-publish","hentry"],"yoast_head":"<!-- This site is optimized with the Yoast SEO plugin v27.2 - https:\/\/yoast.com\/product\/yoast-seo-wordpress\/ -->\n<title>unsere Hunde - Kueng - Privates, IT Services und Hundesalon<\/title>\n<meta name=\"robots\" content=\"index, follow, max-snippet:-1, max-image-preview:large, max-video-preview:-1\" \/>\n<link rel=\"canonical\" href=\"https:\/\/kueng.de\/index.php\/unsere-hunde\/\" \/>\n<meta property=\"og:locale\" content=\"de_DE\" \/>\n<meta property=\"og:type\" content=\"article\" \/>\n<meta property=\"og:title\" content=\"unsere Hunde - Kueng - Privates, IT Services und Hundesalon\" \/>\n<meta property=\"og:description\" content=\"Unsere Fellnasen, welche uns sehr viel Freude bringen. Tony ist ein Bobtail-M\u00e4dchen, Lina ist eine Bearded Cillie H\u00fcndin, genau so [&hellip;]\" \/>\n<meta property=\"og:url\" content=\"https:\/\/kueng.de\/index.php\/unsere-hunde\/\" \/>\n<meta property=\"og:site_name\" content=\"Kueng - Privates, IT Services und Hundesalon\" \/>\n<meta property=\"article:modified_time\" content=\"2025-07-08T07:38:46+00:00\" \/>\n<meta name=\"twitter:card\" content=\"summary_large_image\" \/>\n<meta name=\"twitter:label1\" content=\"Gesch\u00e4tzte Lesezeit\" \/>\n\t<meta name=\"twitter:data1\" content=\"1\u00a0Minute\" \/>\n<script type=\"application\/ld+json\" class=\"yoast-schema-graph\">{\"@context\":\"https:\/\/schema.org\",\"@graph\":[{\"@type\":\"WebPage\",\"@id\":\"https:\/\/kueng.de\/index.php\/unsere-hunde\/\",\"url\":\"https:\/\/kueng.de\/index.php\/unsere-hunde\/\",\"name\":\"unsere Hunde - Kueng - Privates, IT Services und Hundesalon\",\"isPartOf\":{\"@id\":\"https:\/\/kueng.de\/#website\"},\"datePublished\":\"2024-03-01T07:11:36+00:00\",\"dateModified\":\"2025-07-08T07:38:46+00:00\",\"breadcrumb\":{\"@id\":\"https:\/\/kueng.de\/index.php\/unsere-hunde\/#breadcrumb\"},\"inLanguage\":\"de\",\"potentialAction\":[{\"@type\":\"ReadAction\",\"target\":[\"https:\/\/kueng.de\/index.php\/unsere-hunde\/\"]}]},{\"@type\":\"BreadcrumbList\",\"@id\":\"https:\/\/kueng.de\/index.php\/unsere-hunde\/#breadcrumb\",\"itemListElement\":[{\"@type\":\"ListItem\",\"position\":1,\"name\":\"Startseite\",\"item\":\"https:\/\/kueng.de\/\"},{\"@type\":\"ListItem\",\"position\":2,\"name\":\"unsere Hunde\"}]},{\"@type\":\"WebSite\",\"@id\":\"https:\/\/kueng.de\/#website\",\"url\":\"https:\/\/kueng.de\/\",\"name\":\"Kueng - Privates, IT Services und Hundesalon\",\"description\":\"k\u00fcng it services - Erlaheim - Geislingen - Balingen -Zollernalb\",\"publisher\":{\"@id\":\"https:\/\/kueng.de\/#organization\"},\"potentialAction\":[{\"@type\":\"SearchAction\",\"target\":{\"@type\":\"EntryPoint\",\"urlTemplate\":\"https:\/\/kueng.de\/?s={search_term_string}\"},\"query-input\":{\"@type\":\"PropertyValueSpecification\",\"valueRequired\":true,\"valueName\":\"search_term_string\"}}],\"inLanguage\":\"de\"},{\"@type\":\"Organization\",\"@id\":\"https:\/\/kueng.de\/#organization\",\"name\":\"Kueng - Privates, IT Services und Hundesalon\",\"url\":\"https:\/\/kueng.de\/\",\"logo\":{\"@type\":\"ImageObject\",\"inLanguage\":\"de\",\"@id\":\"https:\/\/kueng.de\/#\/schema\/logo\/image\/\",\"url\":\"https:\/\/kueng.de\/wp-content\/uploads\/2024\/02\/cropped-logo-150x150-1.jpg\",\"contentUrl\":\"https:\/\/kueng.de\/wp-content\/uploads\/2024\/02\/cropped-logo-150x150-1.jpg\",\"width\":150,\"height\":150,\"caption\":\"Kueng - Privates, IT Services und Hundesalon\"},\"image\":{\"@id\":\"https:\/\/kueng.de\/#\/schema\/logo\/image\/\"}}]}<\/script>\n<!-- \/ Yoast SEO plugin. -->","yoast_head_json":{"title":"unsere Hunde - Kueng - Privates, IT Services und Hundesalon","robots":{"index":"index","follow":"follow","max-snippet":"max-snippet:-1","max-image-preview":"max-image-preview:large","max-video-preview":"max-video-preview:-1"},"canonical":"https:\/\/kueng.de\/index.php\/unsere-hunde\/","og_locale":"de_DE","og_type":"article","og_title":"unsere Hunde - Kueng - Privates, IT Services und Hundesalon","og_description":"Unsere Fellnasen, welche uns sehr viel Freude bringen. Tony ist ein Bobtail-M\u00e4dchen, Lina ist eine Bearded Cillie H\u00fcndin, genau so [&hellip;]","og_url":"https:\/\/kueng.de\/index.php\/unsere-hunde\/","og_site_name":"Kueng - Privates, IT Services und Hundesalon","article_modified_time":"2025-07-08T07:38:46+00:00","twitter_card":"summary_large_image","twitter_misc":{"Gesch\u00e4tzte Lesezeit":"1\u00a0Minute"},"schema":{"@context":"https:\/\/schema.org","@graph":[{"@type":"WebPage","@id":"https:\/\/kueng.de\/index.php\/unsere-hunde\/","url":"https:\/\/kueng.de\/index.php\/unsere-hunde\/","name":"unsere Hunde - Kueng - Privates, IT Services und Hundesalon","isPartOf":{"@id":"https:\/\/kueng.de\/#website"},"datePublished":"2024-03-01T07:11:36+00:00","dateModified":"2025-07-08T07:38:46+00:00","breadcrumb":{"@id":"https:\/\/kueng.de\/index.php\/unsere-hunde\/#breadcrumb"},"inLanguage":"de","potentialAction":[{"@type":"ReadAction","target":["https:\/\/kueng.de\/index.php\/unsere-hunde\/"]}]},{"@type":"BreadcrumbList","@id":"https:\/\/kueng.de\/index.php\/unsere-hunde\/#breadcrumb","itemListElement":[{"@type":"ListItem","position":1,"name":"Startseite","item":"https:\/\/kueng.de\/"},{"@type":"ListItem","position":2,"name":"unsere Hunde"}]},{"@type":"WebSite","@id":"https:\/\/kueng.de\/#website","url":"https:\/\/kueng.de\/","name":"Kueng - Privates, IT Services und Hundesalon","description":"k\u00fcng it services - Erlaheim - Geislingen - Balingen -Zollernalb","publisher":{"@id":"https:\/\/kueng.de\/#organization"},"potentialAction":[{"@type":"SearchAction","target":{"@type":"EntryPoint","urlTemplate":"https:\/\/kueng.de\/?s={search_term_string}"},"query-input":{"@type":"PropertyValueSpecification","valueRequired":true,"valueName":"search_term_string"}}],"inLanguage":"de"},{"@type":"Organization","@id":"https:\/\/kueng.de\/#organization","name":"Kueng - Privates, IT Services und Hundesalon","url":"https:\/\/kueng.de\/","logo":{"@type":"ImageObject","inLanguage":"de","@id":"https:\/\/kueng.de\/#\/schema\/logo\/image\/","url":"https:\/\/kueng.de\/wp-content\/uploads\/2024\/02\/cropped-logo-150x150-1.jpg","contentUrl":"https:\/\/kueng.de\/wp-content\/uploads\/2024\/02\/cropped-logo-150x150-1.jpg","width":150,"height":150,"caption":"Kueng - Privates, IT Services und Hundesalon"},"image":{"@id":"https:\/\/kueng.de\/#\/schema\/logo\/image\/"}}]}},"_links":{"self":[{"href":"https:\/\/kueng.de\/index.php\/wp-json\/wp\/v2\/pages\/48","targetHints":{"allow":["GET"]}}],"collection":[{"href":"https:\/\/kueng.de\/index.php\/wp-json\/wp\/v2\/pages"}],"about":[{"href":"https:\/\/kueng.de\/index.php\/wp-json\/wp\/v2\/types\/page"}],"author":[{"embeddable":true,"href":"https:\/\/kueng.de\/index.php\/wp-json\/wp\/v2\/users\/1"}],"replies":[{"embeddable":true,"href":"https:\/\/kueng.de\/index.php\/wp-json\/wp\/v2\/comments?post=48"}],"version-history":[{"count":4,"href":"https:\/\/kueng.de\/index.php\/wp-json\/wp\/v2\/pages\/48\/revisions"}],"predecessor-version":[{"id":1258,"href":"https:\/\/kueng.de\/index.php\/wp-json\/wp\/v2\/pages\/48\/revisions\/1258"}],"wp:attachment":[{"href":"https:\/\/kueng.de\/index.php\/wp-json\/wp\/v2\/media?parent=48"}],"curies":[{"name":"wp","href":"https:\/\/api.w.org\/{rel}","templated":true}]}}