{"id":1161,"date":"2025-04-11T16:01:28","date_gmt":"2025-04-11T14:01:28","guid":{"rendered":"https:\/\/kueng.de\/?page_id=1161"},"modified":"2025-04-11T16:45:15","modified_gmt":"2025-04-11T14:45:15","slug":"cloudflare-ddns-ipv4","status":"publish","type":"page","link":"https:\/\/kueng.de\/index.php\/cloudflare-ddns-ipv4\/","title":{"rendered":"Cloudflare DDNS"},"content":{"rendered":"<p><a href=\"https:\/\/kueng.de\/wp-content\/uploads\/2025\/04\/cloudflare_updater.zip\">cloudflare_updater<\/a><\/p>\n<p>In dieser ZIP-Datei sind 4 PHP-Dateien enthalten:<\/p>\n<ul>\n<li>config4.php<\/li>\n<li>cloudflare_updater4.php<\/li>\n<li>config6.php<\/li>\n<li>cloudflare_updater6.php<\/li>\n<\/ul>\n<p>config4.php enth\u00e4lt die Variablen und cloudflare_updater4.php ist das dazugeh\u00f6rige Script f\u00fcr die Aktualisierung eines A-Records mit der aktuell g\u00fcltigen IPv4-Adresse.<\/p>\n<p>Unscher zu erraten&#8230; config6.php enth\u00e4lt die Variablen und cloudflare_updater6.php ist das dazugeh\u00f6rige Script f\u00fcr die Aktualisierung eines AAAA-Records mit der aktuell g\u00fcltigen IPv6-Adresse.<\/p>\n<p>Mit den Scripts k\u00f6nnen also Kosten des Providers f\u00fcr eine fixe IP-Adresse eingespart werden. Ein Cronjob welcher alle n Minuten das Script startet, ist eine Voraussetzung. Selbst wenn das Script jede Minute aufgerufen wird, wird der Record im Zonenfile nur dann ver\u00e4ndert, wenn sich die IP-Adresse ge\u00e4ndert hat.<\/p>\n","protected":false},"excerpt":{"rendered":"<p>cloudflare_updater In dieser ZIP-Datei sind 4 PHP-Dateien enthalten: config4.php cloudflare_updater4.php config6.php cloudflare_updater6.php config4.php enth\u00e4lt die Variablen und cloudflare_updater4.php ist das [&hellip;]<\/p>\n","protected":false},"author":1,"featured_media":0,"parent":0,"menu_order":0,"comment_status":"closed","ping_status":"closed","template":"","meta":{"site-sidebar-layout":"default","site-content-layout":"","ast-site-content-layout":"default","site-content-style":"default","site-sidebar-style":"default","ast-global-header-display":"","ast-banner-title-visibility":"","ast-main-header-display":"","ast-hfb-above-header-display":"","ast-hfb-below-header-display":"","ast-hfb-mobile-header-display":"","site-post-title":"","ast-breadcrumbs-content":"","ast-featured-img":"","footer-sml-layout":"","ast-disable-related-posts":"","theme-transparent-header-meta":"","adv-header-id-meta":"","stick-header-meta":"","header-above-stick-meta":"","header-main-stick-meta":"","header-below-stick-meta":"","astra-migrate-meta-layouts":"default","ast-page-background-enabled":"default","ast-page-background-meta":{"desktop":{"background-color":"var(--ast-global-color-4)","background-image":"","background-repeat":"repeat","background-position":"center center","background-size":"auto","background-attachment":"scroll","background-type":"","background-media":"","overlay-type":"","overlay-color":"","overlay-opacity":"","overlay-gradient":""},"tablet":{"background-color":"","background-image":"","background-repeat":"repeat","background-position":"center center","background-size":"auto","background-attachment":"scroll","background-type":"","background-media":"","overlay-type":"","overlay-color":"","overlay-opacity":"","overlay-gradient":""},"mobile":{"background-color":"","background-image":"","background-repeat":"repeat","background-position":"center center","background-size":"auto","background-attachment":"scroll","background-type":"","background-media":"","overlay-type":"","overlay-color":"","overlay-opacity":"","overlay-gradient":""}},"ast-content-background-meta":{"desktop":{"background-color":"var(--ast-global-color-5)","background-image":"","background-repeat":"repeat","background-position":"center center","background-size":"auto","background-attachment":"scroll","background-type":"","background-media":"","overlay-type":"","overlay-color":"","overlay-opacity":"","overlay-gradient":""},"tablet":{"background-color":"var(--ast-global-color-5)","background-image":"","background-repeat":"repeat","background-position":"center center","background-size":"auto","background-attachment":"scroll","background-type":"","background-media":"","overlay-type":"","overlay-color":"","overlay-opacity":"","overlay-gradient":""},"mobile":{"background-color":"var(--ast-global-color-5)","background-image":"","background-repeat":"repeat","background-position":"center center","background-size":"auto","background-attachment":"scroll","background-type":"","background-media":"","overlay-type":"","overlay-color":"","overlay-opacity":"","overlay-gradient":""}},"ngg_post_thumbnail":0,"footnotes":""},"class_list":["post-1161","page","type-page","status-publish","hentry"],"yoast_head":"<!-- This site is optimized with the Yoast SEO plugin v27.2 - https:\/\/yoast.com\/product\/yoast-seo-wordpress\/ -->\n<title>Cloudflare DDNS - Kueng - Privates, IT Services und Hundesalon<\/title>\n<meta name=\"robots\" content=\"index, follow, max-snippet:-1, max-image-preview:large, max-video-preview:-1\" \/>\n<link rel=\"canonical\" href=\"https:\/\/kueng.de\/index.php\/cloudflare-ddns-ipv4\/\" \/>\n<meta property=\"og:locale\" content=\"de_DE\" \/>\n<meta property=\"og:type\" content=\"article\" \/>\n<meta property=\"og:title\" content=\"Cloudflare DDNS - Kueng - Privates, IT Services und Hundesalon\" \/>\n<meta property=\"og:description\" content=\"cloudflare_updater In dieser ZIP-Datei sind 4 PHP-Dateien enthalten: config4.php cloudflare_updater4.php config6.php cloudflare_updater6.php config4.php enth\u00e4lt die Variablen und cloudflare_updater4.php ist das [&hellip;]\" \/>\n<meta property=\"og:url\" content=\"https:\/\/kueng.de\/index.php\/cloudflare-ddns-ipv4\/\" \/>\n<meta property=\"og:site_name\" content=\"Kueng - Privates, IT Services und Hundesalon\" \/>\n<meta property=\"article:modified_time\" content=\"2025-04-11T14:45:15+00:00\" \/>\n<meta name=\"twitter:card\" content=\"summary_large_image\" \/>\n<meta name=\"twitter:label1\" content=\"Gesch\u00e4tzte Lesezeit\" \/>\n\t<meta name=\"twitter:data1\" content=\"1\u00a0Minute\" \/>\n<script type=\"application\/ld+json\" class=\"yoast-schema-graph\">{\"@context\":\"https:\/\/schema.org\",\"@graph\":[{\"@type\":\"WebPage\",\"@id\":\"https:\/\/kueng.de\/index.php\/cloudflare-ddns-ipv4\/\",\"url\":\"https:\/\/kueng.de\/index.php\/cloudflare-ddns-ipv4\/\",\"name\":\"Cloudflare DDNS - Kueng - Privates, IT Services und Hundesalon\",\"isPartOf\":{\"@id\":\"https:\/\/kueng.de\/#website\"},\"datePublished\":\"2025-04-11T14:01:28+00:00\",\"dateModified\":\"2025-04-11T14:45:15+00:00\",\"breadcrumb\":{\"@id\":\"https:\/\/kueng.de\/index.php\/cloudflare-ddns-ipv4\/#breadcrumb\"},\"inLanguage\":\"de\",\"potentialAction\":[{\"@type\":\"ReadAction\",\"target\":[\"https:\/\/kueng.de\/index.php\/cloudflare-ddns-ipv4\/\"]}]},{\"@type\":\"BreadcrumbList\",\"@id\":\"https:\/\/kueng.de\/index.php\/cloudflare-ddns-ipv4\/#breadcrumb\",\"itemListElement\":[{\"@type\":\"ListItem\",\"position\":1,\"name\":\"Startseite\",\"item\":\"https:\/\/kueng.de\/\"},{\"@type\":\"ListItem\",\"position\":2,\"name\":\"Cloudflare DDNS\"}]},{\"@type\":\"WebSite\",\"@id\":\"https:\/\/kueng.de\/#website\",\"url\":\"https:\/\/kueng.de\/\",\"name\":\"Kueng - Privates, IT Services und Hundesalon\",\"description\":\"k\u00fcng it services - Erlaheim - Geislingen - Balingen -Zollernalb\",\"publisher\":{\"@id\":\"https:\/\/kueng.de\/#organization\"},\"potentialAction\":[{\"@type\":\"SearchAction\",\"target\":{\"@type\":\"EntryPoint\",\"urlTemplate\":\"https:\/\/kueng.de\/?s={search_term_string}\"},\"query-input\":{\"@type\":\"PropertyValueSpecification\",\"valueRequired\":true,\"valueName\":\"search_term_string\"}}],\"inLanguage\":\"de\"},{\"@type\":\"Organization\",\"@id\":\"https:\/\/kueng.de\/#organization\",\"name\":\"Kueng - Privates, IT Services und Hundesalon\",\"url\":\"https:\/\/kueng.de\/\",\"logo\":{\"@type\":\"ImageObject\",\"inLanguage\":\"de\",\"@id\":\"https:\/\/kueng.de\/#\/schema\/logo\/image\/\",\"url\":\"https:\/\/kueng.de\/wp-content\/uploads\/2024\/02\/cropped-logo-150x150-1.jpg\",\"contentUrl\":\"https:\/\/kueng.de\/wp-content\/uploads\/2024\/02\/cropped-logo-150x150-1.jpg\",\"width\":150,\"height\":150,\"caption\":\"Kueng - Privates, IT Services und Hundesalon\"},\"image\":{\"@id\":\"https:\/\/kueng.de\/#\/schema\/logo\/image\/\"}}]}<\/script>\n<!-- \/ Yoast SEO plugin. -->","yoast_head_json":{"title":"Cloudflare DDNS - Kueng - Privates, IT Services und Hundesalon","robots":{"index":"index","follow":"follow","max-snippet":"max-snippet:-1","max-image-preview":"max-image-preview:large","max-video-preview":"max-video-preview:-1"},"canonical":"https:\/\/kueng.de\/index.php\/cloudflare-ddns-ipv4\/","og_locale":"de_DE","og_type":"article","og_title":"Cloudflare DDNS - Kueng - Privates, IT Services und Hundesalon","og_description":"cloudflare_updater In dieser ZIP-Datei sind 4 PHP-Dateien enthalten: config4.php cloudflare_updater4.php config6.php cloudflare_updater6.php config4.php enth\u00e4lt die Variablen und cloudflare_updater4.php ist das [&hellip;]","og_url":"https:\/\/kueng.de\/index.php\/cloudflare-ddns-ipv4\/","og_site_name":"Kueng - Privates, IT Services und Hundesalon","article_modified_time":"2025-04-11T14:45:15+00:00","twitter_card":"summary_large_image","twitter_misc":{"Gesch\u00e4tzte Lesezeit":"1\u00a0Minute"},"schema":{"@context":"https:\/\/schema.org","@graph":[{"@type":"WebPage","@id":"https:\/\/kueng.de\/index.php\/cloudflare-ddns-ipv4\/","url":"https:\/\/kueng.de\/index.php\/cloudflare-ddns-ipv4\/","name":"Cloudflare DDNS - Kueng - Privates, IT Services und Hundesalon","isPartOf":{"@id":"https:\/\/kueng.de\/#website"},"datePublished":"2025-04-11T14:01:28+00:00","dateModified":"2025-04-11T14:45:15+00:00","breadcrumb":{"@id":"https:\/\/kueng.de\/index.php\/cloudflare-ddns-ipv4\/#breadcrumb"},"inLanguage":"de","potentialAction":[{"@type":"ReadAction","target":["https:\/\/kueng.de\/index.php\/cloudflare-ddns-ipv4\/"]}]},{"@type":"BreadcrumbList","@id":"https:\/\/kueng.de\/index.php\/cloudflare-ddns-ipv4\/#breadcrumb","itemListElement":[{"@type":"ListItem","position":1,"name":"Startseite","item":"https:\/\/kueng.de\/"},{"@type":"ListItem","position":2,"name":"Cloudflare DDNS"}]},{"@type":"WebSite","@id":"https:\/\/kueng.de\/#website","url":"https:\/\/kueng.de\/","name":"Kueng - Privates, IT Services und Hundesalon","description":"k\u00fcng it services - Erlaheim - Geislingen - Balingen -Zollernalb","publisher":{"@id":"https:\/\/kueng.de\/#organization"},"potentialAction":[{"@type":"SearchAction","target":{"@type":"EntryPoint","urlTemplate":"https:\/\/kueng.de\/?s={search_term_string}"},"query-input":{"@type":"PropertyValueSpecification","valueRequired":true,"valueName":"search_term_string"}}],"inLanguage":"de"},{"@type":"Organization","@id":"https:\/\/kueng.de\/#organization","name":"Kueng - Privates, IT Services und Hundesalon","url":"https:\/\/kueng.de\/","logo":{"@type":"ImageObject","inLanguage":"de","@id":"https:\/\/kueng.de\/#\/schema\/logo\/image\/","url":"https:\/\/kueng.de\/wp-content\/uploads\/2024\/02\/cropped-logo-150x150-1.jpg","contentUrl":"https:\/\/kueng.de\/wp-content\/uploads\/2024\/02\/cropped-logo-150x150-1.jpg","width":150,"height":150,"caption":"Kueng - Privates, IT Services und Hundesalon"},"image":{"@id":"https:\/\/kueng.de\/#\/schema\/logo\/image\/"}}]}},"_links":{"self":[{"href":"https:\/\/kueng.de\/index.php\/wp-json\/wp\/v2\/pages\/1161","targetHints":{"allow":["GET"]}}],"collection":[{"href":"https:\/\/kueng.de\/index.php\/wp-json\/wp\/v2\/pages"}],"about":[{"href":"https:\/\/kueng.de\/index.php\/wp-json\/wp\/v2\/types\/page"}],"author":[{"embeddable":true,"href":"https:\/\/kueng.de\/index.php\/wp-json\/wp\/v2\/users\/1"}],"replies":[{"embeddable":true,"href":"https:\/\/kueng.de\/index.php\/wp-json\/wp\/v2\/comments?post=1161"}],"version-history":[{"count":2,"href":"https:\/\/kueng.de\/index.php\/wp-json\/wp\/v2\/pages\/1161\/revisions"}],"predecessor-version":[{"id":1165,"href":"https:\/\/kueng.de\/index.php\/wp-json\/wp\/v2\/pages\/1161\/revisions\/1165"}],"wp:attachment":[{"href":"https:\/\/kueng.de\/index.php\/wp-json\/wp\/v2\/media?parent=1161"}],"curies":[{"name":"wp","href":"https:\/\/api.w.org\/{rel}","templated":true}]}}